{"id":80,"date":"2013-06-04T10:39:35","date_gmt":"2013-06-04T08:39:35","guid":{"rendered":"http:\/\/pierrotquartett.com\/?page_id=80"},"modified":"2025-07-26T14:52:04","modified_gmt":"2025-07-26T12:52:04","slug":"repertoire","status":"publish","type":"page","link":"https:\/\/pierrotquartett.com\/?page_id=80","title":{"rendered":"Repertoire"},"content":{"rendered":"<p><span style=\"color: #000000;\"><strong>B\u00e9la Bart\u00f3k<\/strong><\/span><\/p>\n<p>Streichquartett Nr. 3 \u00a0(1927)<\/p>\n<p><span style=\"color: #000000;\"><strong>Ludwig van Beethoven<\/strong><\/span><\/p>\n<p>Streichquartett in F-Dur op.18 Nr. 1 (1801)<\/p>\n<p>Streichquartett in B-Dur op.18 Nr. 6 (1801)<\/p>\n<p>Streichquartett &#8222;Rasumowsky&#8220;\u00a0in\u00a0F-Dur op. 59 Nr. 1 (1806)<\/p>\n<p>Cavatina aus Streichquartett in B-Dur op. 130 (1826)<\/p>\n<p>Gro\u00dfe Fuge in B-Dur op. 133 (1825\/26)<strong><br \/>\n<\/strong><\/p>\n<p><span style=\"color: #000000;\"><strong>Johannes Brahms<\/strong><\/span><\/p>\n<p>Streichquartett in c-Moll op. 51 Nr.1 \u00a0(1873)<\/p>\n<p>Streichquartett in a-Moll op. 51 Nr. 2 \u00a0(1873)<\/p>\n<p><span style=\"color: #000000;\"><strong>Antonin Dvor\u00e1k<\/strong><\/span><\/p>\n<p>Streichquartett F-Dur, op. 96 (&#8222;Amerikanisches Quartett&#8220;) (1893)<\/p>\n<p><span style=\"color: #000000;\"><strong>J\u00fcrg<\/strong><\/span><span style=\"color: #000000;\"><strong> Frey<\/strong><\/span><\/p>\n<p>Streichquartett 2 \u00a0(1998-2000)<\/p>\n<p><span style=\"color: #000000;\"><strong>Pavel Haas<\/strong><\/span><\/p>\n<p>Streichquartett Nr. 3 op. 15 (1937\/38)<\/p>\n<p><span style=\"color: #000000;\"><strong>Joseph Haydn<\/strong><\/span><\/p>\n<p>Streichquartett in Es-Dur op. 20 Nr. 1 Hob. III:31 (1772)<\/p>\n<p>Streichquartett in C-Dur op. 20 Nr. 2 Hob. III: 32 (1772)<\/p>\n<p>Streichquartett in G-Dur op. 76 Nr. 1 Hob. III: 75 (1797)<\/p>\n<p>Streichquartett in d-Moll, op. 76 Nr. 2 Hob. III: 76 (&#8222;Quintenquartett&#8220;) (1797)<\/p>\n<p>Streichquartett in G-Dur op. 77 Nr. 1 Hob. III: 81 (1799)<\/p>\n<p><span style=\"color: #000000;\"><strong>F<span style=\"color: #000000;\">anny Hensel Mendelssohn<\/span><\/strong><\/span><\/p>\n<p><span style=\"color: #000000;\">Streichquartett in Es-Dur (1834)<\/span><\/p>\n<p><span style=\"color: #000000;\"><strong>Toshio Hosokawa<\/strong><\/span><\/p>\n<p>Urbilder f\u00fcr Streichquartett (1981)<\/p>\n<p><span style=\"color: #000000;\"><strong>Gy\u00f6rgy Kurt\u00e1g<\/strong><\/span><\/p>\n<p>Hommage \u00e0 Mihaly Andr\u00e1s: 12 Mikroludien f\u00fcr Streichquartett op. 13 (1978)<\/p>\n<p>Officium breve in memoriam Andreae Szerv\u00e1nszky op. 28 (1988\/89)<\/p>\n<p><span style=\"color: #000000;\"><strong>Gy\u00f6rgy Ligeti<\/strong><\/span><\/p>\n<p>Streichquartett Nr. 1 &#8222;M\u00e9tamorphoses Nocturnes&#8220; (1953\/54)<\/p>\n<p><span style=\"color: #000000;\"><strong>Apollonio Maiello<\/strong><\/span><\/p>\n<p>A priori I (2018)<\/p>\n<p><span style=\"color: #000000;\"><strong>Sir Peter Maxwell<\/strong>\u00a0<strong>Davies<\/strong><\/span><\/p>\n<p>A Sad Paven for these distracted tymes \u00a0(2004)<\/p>\n<p><strong><span style=\"color: #000000;\">Felix Mendelssohn-Bartholdy<\/span><br \/>\n<\/strong><strong><br \/>\n<\/strong>Streichquartett in a-Moll op. 13 \u00a0(1827)<\/p>\n<p>Streichoktett in Es-Dur op. 20 \u00a0(1825)<\/p>\n<p><span style=\"color: #000000;\"><strong>Wolfgang Amadeus Mozart<\/strong><\/span><\/p>\n<p>Streichquartett in G-Dur KV 387 \u00a0(1782)<\/p>\n<p>Streichquartett in d-Moll KV 421 (417b) \u00a0(1783)<\/p>\n<p>Streichquartett &#8222;Dissonanzen&#8220; in C-Dur KV 465 \u00a0(1784\/85)<\/p>\n<p>Streichquartett in F-Dur KV 590 \u00a0(1789\/90)<\/p>\n<p><span style=\"color: #000000;\"><strong>Enno Poppe<\/strong><\/span><\/p>\n<p>Freizeit f\u00fcr Streichquartett \u00a0(2016)<\/p>\n<p><span style=\"color: #000000;\"><strong>Maurice Ravel<\/strong><\/span><\/p>\n<p>Quatuor \u00e0 cordes en fa majeur \u00a0(1902\/03)<\/p>\n<p><strong>Kaija Saariaho<\/strong><\/p>\n<p>Terra Memoria f\u00fcr Streichquartett (2007)<\/p>\n<p><strong><span style=\"color: #000000;\">Alessandro Scarlatti<\/span><br \/>\n<\/strong><br \/>\nSonata a quattro Nr. 4 in d-Moll \u00a0(1715)<\/p>\n<p><strong><span style=\"color: #000000;\">Franz Schubert<\/span><br \/>\n<\/strong><br \/>\nStreichquartett &#8222;Rosamunde&#8220; in\u00a0a-Moll op. 29 D 804 \u00a0(1824)<\/p>\n<p>Streichquartett &#8222;Der Tod und das M\u00e4dchen&#8220; in d-Moll op. post. D 810 \u00a0(1824)<\/p>\n<p><span style=\"color: #000000;\"><strong>Robert Schumann<\/strong><\/span><\/p>\n<p>Streichquartett in a-Moll op. 41 Nr. 1 (1842)<\/p>\n<p>Klavierquintett in Es-Dur op. 44 \u00a0(1842)<\/p>\n<p><span style=\"color: #000000;\"><strong>Igor Strawinsky<\/strong><\/span><\/p>\n<p>Trois pi\u00e8ces pour quatuor \u00e0 cordes \u00a0(1994)<\/p>\n<p><strong><span style=\"color: #000000;\">Pjotr Iljitsch Tschaikowski<\/span><\/strong><\/p>\n<p>Andante Cantabile aus Streichquartett Nr. 1 in D-Dur op. 11 (1871)<\/p>\n<p><span style=\"color: #000000;\"><strong>Reinhold Urmetzer<\/strong><\/span><\/p>\n<p>Musica Matutina \u00a0(1995)<\/p>\n<p><span style=\"color: #000000;\"><strong>Sam David Wamper<\/strong><\/span><\/p>\n<p>Portrait of life for string quartet \u00a0(2017)<\/p>\n<p><span style=\"color: #000000;\"><strong>Anton Webern<\/strong><\/span><\/p>\n<p>Langsamer Satz f\u00fcr Streichquartett \u00a0(1905)<\/p>\n<p>F\u00fcnf S\u00e4tze f\u00fcr Streichquartett op. 5 \u00a0(1909)<\/p>\n<p><span style=\"color: #000000;\"><strong>J\u00f6rg Widmann<\/strong><\/span><\/p>\n<p>Fieberphantasie<br \/>\nf\u00fcr Klavier, Streichquartett und Klarinette \u00a0(1999)<\/p>\n","protected":false},"excerpt":{"rendered":"<p>B\u00e9la Bart\u00f3k Streichquartett Nr. 3 \u00a0(1927) Ludwig van Beethoven Streichquartett in F-Dur op.18 Nr. 1 (1801) Streichquartett in B-Dur op.18 Nr. 6 (1801) Streichquartett &#8222;Rasumowsky&#8220;\u00a0in\u00a0F-Dur op. 59 Nr. 1 (1806) Cavatina aus Streichquartett in B-Dur op. 130 (1826) Gro\u00dfe Fuge &hellip; <a href=\"https:\/\/pierrotquartett.com\/?page_id=80\">Weiterlesen <span class=\"meta-nav\">&rarr;<\/span><\/a><\/p>\n","protected":false},"author":1,"featured_media":0,"parent":0,"menu_order":3,"comment_status":"closed","ping_status":"open","template":"","meta":{"footnotes":""},"_links":{"self":[{"href":"https:\/\/pierrotquartett.com\/index.php?rest_route=\/wp\/v2\/pages\/80"}],"collection":[{"href":"https:\/\/pierrotquartett.com\/index.php?rest_route=\/wp\/v2\/pages"}],"about":[{"href":"https:\/\/pierrotquartett.com\/index.php?rest_route=\/wp\/v2\/types\/page"}],"author":[{"embeddable":true,"href":"https:\/\/pierrotquartett.com\/index.php?rest_route=\/wp\/v2\/users\/1"}],"replies":[{"embeddable":true,"href":"https:\/\/pierrotquartett.com\/index.php?rest_route=%2Fwp%2Fv2%2Fcomments&post=80"}],"version-history":[{"count":42,"href":"https:\/\/pierrotquartett.com\/index.php?rest_route=\/wp\/v2\/pages\/80\/revisions"}],"predecessor-version":[{"id":932,"href":"https:\/\/pierrotquartett.com\/index.php?rest_route=\/wp\/v2\/pages\/80\/revisions\/932"}],"wp:attachment":[{"href":"https:\/\/pierrotquartett.com\/index.php?rest_route=%2Fwp%2Fv2%2Fmedia&parent=80"}],"curies":[{"name":"wp","href":"https:\/\/api.w.org\/{rel}","templated":true}]}}