{"id":600,"date":"2018-08-13T22:52:33","date_gmt":"2018-08-13T20:52:33","guid":{"rendered":"http:\/\/pierrotquartett.com\/?page_id=600"},"modified":"2026-03-17T11:48:24","modified_gmt":"2026-03-17T10:48:24","slug":"paula-heidecker-viola","status":"publish","type":"page","link":"https:\/\/pierrotquartett.com\/?page_id=600","title":{"rendered":"Paula Heidecker, Viola"},"content":{"rendered":"<p class=\"p2\"><span class=\"s2\" style=\"font-size: 12pt;\">Paula Heidecker wurde im Ruhrgebiet geboren, wuchs jedoch in Neubrandenburg (MV) und Hamburg auf. Nach sieben Jahren Geigenunterricht entdeckte sie die Bratsche f\u00fcr sich und wechselte mit 12 Jahren das Instrument.<\/span><\/p>\n<p class=\"p2\"><span class=\"s2\" style=\"font-size: 12pt;\">Nach mehrj\u00e4hrigen Jugendorchester-T\u00e4tigkeiten im Norden wurde sie 2009 Mitglied im Bundesjugendorchester, in dem sie auch die Stimmf\u00fchrung \u00fcbernahm. Paula ist mehrfache Preistr\u00e4gerin des Wettbewerbs Jugend Musiziert und ist Stipendiatin der Oscar und Vera Ritter-Stiftung sowie der Deutschen Stiftung Musikleben.<\/span><\/p>\n<p class=\"p2\"><span class=\"s2\" style=\"font-size: 12pt;\">Von 2010 bis 2015 studierte Paula bei Prof. Andra Darzins an der Musikhochschule in Stuttgart und schloss ihren Bachelor mit Auszeichnung ab. Dort gr\u00fcndete sie auch mit Kommilitoninnen das Pierrot Quartett, mit dem sie intensiv kammermusikalisch arbeitet und an Meisterkursen und Festivals mit renommierten K\u00fcnstlern teilnimmt.<\/span><\/p>\n<p class=\"p2\"><span class=\"s2\" style=\"font-size: 12pt;\">Ein Praktikum bei den Stuttgarter Philharmonikern sowie die Paul-Hindemith-Orchesterakademie der Oper Frankfurt inspirierten und bereicherten ihre musikalische Ausbildung sehr. Ebenso erhielt sie weitere musikalische Impulse durch Meisterkurse bei den Professoren Buchholz, Rowland-Jones, Westphal, Glassl, Adler und Kr\u00fcger.<\/span><\/p>\n<p class=\"p2\"><span class=\"s2\" style=\"font-size: 12pt;\">Nach einem erfolgreichen Masterstudium bei Prof. Pauline Sachse an der Hochschule f\u00fcr Musik Dresden folgten direkt anschlie\u00dfend Zeitvertr\u00e4ge beim Philharmonischen Orchester Heidelberg sowie der Deutschen Oper am Rhein.<\/span><\/p>\n<p class=\"p2\"><span class=\"s2\" style=\"font-size: 12pt;\">Seit 2024 ist Paula festes Mitglied der Neuen Philharmonie Westfalen und bereichert mit ihrem Orchester das n\u00f6rdliche Ruhrgebiet sowie das Musiktheater im Revier in Gelsenkirchen.<\/span><\/p>\n","protected":false},"excerpt":{"rendered":"<p>Paula Heidecker wurde im Ruhrgebiet geboren, wuchs jedoch in Neubrandenburg (MV) und Hamburg auf. Nach sieben Jahren Geigenunterricht entdeckte sie die Bratsche f\u00fcr sich und wechselte mit 12 Jahren das Instrument. Nach mehrj\u00e4hrigen Jugendorchester-T\u00e4tigkeiten im Norden wurde sie 2009 Mitglied &hellip; <a href=\"https:\/\/pierrotquartett.com\/?page_id=600\">Weiterlesen <span class=\"meta-nav\">&rarr;<\/span><\/a><\/p>\n","protected":false},"author":1,"featured_media":0,"parent":536,"menu_order":3,"comment_status":"closed","ping_status":"closed","template":"","meta":{"footnotes":""},"_links":{"self":[{"href":"https:\/\/pierrotquartett.com\/index.php?rest_route=\/wp\/v2\/pages\/600"}],"collection":[{"href":"https:\/\/pierrotquartett.com\/index.php?rest_route=\/wp\/v2\/pages"}],"about":[{"href":"https:\/\/pierrotquartett.com\/index.php?rest_route=\/wp\/v2\/types\/page"}],"author":[{"embeddable":true,"href":"https:\/\/pierrotquartett.com\/index.php?rest_route=\/wp\/v2\/users\/1"}],"replies":[{"embeddable":true,"href":"https:\/\/pierrotquartett.com\/index.php?rest_route=%2Fwp%2Fv2%2Fcomments&post=600"}],"version-history":[{"count":7,"href":"https:\/\/pierrotquartett.com\/index.php?rest_route=\/wp\/v2\/pages\/600\/revisions"}],"predecessor-version":[{"id":938,"href":"https:\/\/pierrotquartett.com\/index.php?rest_route=\/wp\/v2\/pages\/600\/revisions\/938"}],"up":[{"embeddable":true,"href":"https:\/\/pierrotquartett.com\/index.php?rest_route=\/wp\/v2\/pages\/536"}],"wp:attachment":[{"href":"https:\/\/pierrotquartett.com\/index.php?rest_route=%2Fwp%2Fv2%2Fmedia&parent=600"}],"curies":[{"name":"wp","href":"https:\/\/api.w.org\/{rel}","templated":true}]}}