{"id":596,"date":"2018-08-13T22:51:43","date_gmt":"2018-08-13T20:51:43","guid":{"rendered":"http:\/\/pierrotquartett.com\/?page_id=596"},"modified":"2018-08-17T14:02:17","modified_gmt":"2018-08-17T12:02:17","slug":"luisa-hoefs-2-violine","status":"publish","type":"page","link":"https:\/\/pierrotquartett.com\/?page_id=596","title":{"rendered":"Luisa H\u00f6fs, 2. Violine"},"content":{"rendered":"<p><span style=\"color: #333333; font-size: 12pt;\"><span style=\"font-family: Helvetica, sans-serif;\"><span style=\"color: #353535;\">Luisa H\u00f6fs wuchs in einer Musikerfamilie auf und konnte als Juniorstudentin von Prof. Christoph Schickedanz schon erste Hochschulluft schnuppern, bevor sie 2010 ihr Studium an der Musikhochschule Stuttgart bei Prof. Anke Dill aufnahm. Ihren Bachelor schloss sie mit Bestnote ab.<\/span><\/span><\/span><\/p>\n<p><span style=\"color: #333333; font-size: 12pt;\"><span style=\"font-family: Helvetica, sans-serif;\">Mit gro\u00dfer Leidenschaft widmet sich Luisa H\u00f6fs der historisch informierten Auff\u00fchrungspraxis Alter Musik. Wichtige Inspiration bekam sie von Christine Busch und J\u00f6rg Halubek. Mit ihrem Cembalo Partner Johannes Fiedler erarbeitete sie sich ein gro\u00dfes Repertoire von Werken der Renaissance bis zur Fr\u00fchklassik. Als Akademistin beim renommierten Balthasar- Neumann- Ensemble wurde sie musikalisch betreut und unterrichtet von Thomas Hengelbrock. Tourneen mit dem Ensemble f\u00fchren sie nach wie vor auf internationale Konzertb\u00fchnen und Festivals wie die K\u00f6lner Philharmonie, Alte Oper Frankfurt, Bozar Br\u00fcssel, Salzburger Festspiele.<\/span><\/span><\/p>\n<p><span style=\"font-size: 12pt;\"><span style=\"color: #333333;\"><span style=\"font-family: Helvetica, sans-serif;\">Neben dem Streichquartettspiel ist sie kammermusikalisch vor allem in der Besetzung Horntrio mit Ihrem Bruder Tillmann H\u00f6fs (<\/span><\/span><a href=\"http:\/\/www.tillmannhoefs.de\/\"><span style=\"color: #1b8be0;\"><span style=\"font-family: Helvetica, sans-serif;\">www.tillmannhoefs.de<\/span><\/span><\/a><span style=\"color: #333333;\"><span style=\"font-family: Helvetica, sans-serif;\">) zu erleben. Als Kammermusikerin ist sie bei Festivals wie dem Rheingau Musik Festival und dem Schleswig-Holstein Musik Festival zu Gast.<\/span><\/span><\/span><\/p>\n<p><span style=\"color: #333333; font-size: 12pt;\"><span style=\"font-family: Helvetica, sans-serif;\">Luisa H\u00f6fs ist gern gesehener Gast bei der Deutschen Kammerphilharmonie Bremen, der Internationalen Bach Akademie Stuttgart, oder der NDR Radiophilharmonie Hannover. Seit 2017 ist sie festes Mitglied der ersten Violinen der Duisburger Philharmoniker an der Deutschen Oper am Rhein.<\/span><\/span><\/p>\n<p><span style=\"color: #333333; font-size: 12pt;\"><span style=\"font-family: Helvetica, sans-serif;\">Luisa H\u00f6fs spielt eine Geige von G. B. Gabrielli aus dem Jahre 1749.<\/span><\/span><\/p>\n","protected":false},"excerpt":{"rendered":"<p>Luisa H\u00f6fs wuchs in einer Musikerfamilie auf und konnte als Juniorstudentin von Prof. Christoph Schickedanz schon erste Hochschulluft schnuppern, bevor sie 2010 ihr Studium an der Musikhochschule Stuttgart bei Prof. Anke Dill aufnahm. Ihren Bachelor schloss sie mit Bestnote ab. &hellip; <a href=\"https:\/\/pierrotquartett.com\/?page_id=596\">Weiterlesen <span class=\"meta-nav\">&rarr;<\/span><\/a><\/p>\n","protected":false},"author":1,"featured_media":0,"parent":536,"menu_order":2,"comment_status":"closed","ping_status":"closed","template":"","meta":{"footnotes":""},"_links":{"self":[{"href":"https:\/\/pierrotquartett.com\/index.php?rest_route=\/wp\/v2\/pages\/596"}],"collection":[{"href":"https:\/\/pierrotquartett.com\/index.php?rest_route=\/wp\/v2\/pages"}],"about":[{"href":"https:\/\/pierrotquartett.com\/index.php?rest_route=\/wp\/v2\/types\/page"}],"author":[{"embeddable":true,"href":"https:\/\/pierrotquartett.com\/index.php?rest_route=\/wp\/v2\/users\/1"}],"replies":[{"embeddable":true,"href":"https:\/\/pierrotquartett.com\/index.php?rest_route=%2Fwp%2Fv2%2Fcomments&post=596"}],"version-history":[{"count":10,"href":"https:\/\/pierrotquartett.com\/index.php?rest_route=\/wp\/v2\/pages\/596\/revisions"}],"predecessor-version":[{"id":714,"href":"https:\/\/pierrotquartett.com\/index.php?rest_route=\/wp\/v2\/pages\/596\/revisions\/714"}],"up":[{"embeddable":true,"href":"https:\/\/pierrotquartett.com\/index.php?rest_route=\/wp\/v2\/pages\/536"}],"wp:attachment":[{"href":"https:\/\/pierrotquartett.com\/index.php?rest_route=%2Fwp%2Fv2%2Fmedia&parent=596"}],"curies":[{"name":"wp","href":"https:\/\/api.w.org\/{rel}","templated":true}]}}