{"id":589,"date":"2018-08-13T22:48:37","date_gmt":"2018-08-13T20:48:37","guid":{"rendered":"http:\/\/pierrotquartett.com\/?page_id=589"},"modified":"2024-05-20T17:33:05","modified_gmt":"2024-05-20T15:33:05","slug":"johanne-maria-klein-1-violine","status":"publish","type":"page","link":"https:\/\/pierrotquartett.com\/?page_id=589","title":{"rendered":"Johanne Maria Klein, 1. Violine"},"content":{"rendered":"<p><span style=\"font-family: helvetica, arial, sans-serif; font-size: 12pt;\">Johanne Maria Klein begann ihr Violinstudium \u2013 zun\u00e4chst als Jungstudentin \u2013 bei Prof. Anke Dill und Prof. Daniel Sepec an der Musikhochschule Stuttgart. 2012 f\u00fchrte sie ihr Studium zu Prof. Detlef Hahn an die Norwegian Academy of Music Oslo, seit 2014 studierte sie bei Prof. Stephan Picard an der Hochschule f\u00fcr Musik &#8222;Hanns Eisler&#8220; Berlin, wo sie 2019 ihren Master Violine absolvierte.<\/span><\/p>\n<p><span style=\"font-family: helvetica, arial, sans-serif; font-size: 12pt;\">Als Solistin trat sie mit zahlreichen Orchestern auf,\u00a0so spielte sie u.a. mit dem Radiosinfonieorchester Stuttgart des SWR, dem Akademischen Orchester der Universit\u00e4t Stuttgart, dem Weinstadt Sinfonie Orchester und\u00a0der Camerata Rheingau in S\u00e4len wie der Liederhalle Stuttgart. 2017 war sie mit dem Violinkonzert von Johannes Brahms als Solistin des Sinfonieorchesters Bergisch Gladbach im Forum Leverkusen zu erleben.<\/span><\/p>\n<p><span style=\"font-family: helvetica, arial, sans-serif; font-size: 12pt;\">Als passionierte Kammermusikerin und Primaria des Pierrot Quartetts geht sie einer regen Konzertt\u00e4tigkeit nach und gewann zahlreiche Preise bei Wettbewerben in Norwegen, Deutschland und den Niederlanden.<\/span><\/p>\n<p><span style=\"font-family: helvetica, arial, sans-serif; font-size: 12pt;\">Sie sammelte Erfahrung als Konzertmeisterin in Opernproduktionen und Neue Musik-Ensembles.\u00a0<\/span><span style=\"font-size: 12pt;\">In den Jahren 2016 bis 2018 war sie Stipendiatin der Ferenc-Fricsay Orchesterakademie des Deutschen Symphonie-Orchesters Berlin.<br \/>\n<\/span><span style=\"font-size: 12pt;\">Nach Stationen bei den Bamberger Symphonikern und als stellvertretende Stimmf\u00fchrerin der 2. Violinen in der Badischen Staatskapelle Karlsruhe ist Johanne Klein seit 2023 Mitglied der S\u00e4chsischen Staatskapelle Dresden. <\/span><span style=\"font-size: 12pt;\">Im DSO Berlin, dem WDR Sinfonieorchester K\u00f6ln und in der NDR Radiophilharmonie Hannover spielt sie regelm\u00e4\u00dfig als Gast.<\/span><\/p>\n<p><span style=\"font-family: helvetica, arial, sans-serif; font-size: 12pt;\">Meisterkurse mit herausragenden K\u00fcnstler*innen wie Gerhard Schulz, <\/span><span style=\"font-family: helvetica, arial, sans-serif; font-size: 12pt;\">Mi-Kyung Lee, Erich H\u00f6barth, dem Quatuor Eb\u00e8ne, Eberhard Feltz, Donald Weilerstein und Heime M\u00fcller gaben wichtige k\u00fcnstlerische Impulse.<\/span><\/p>\n<p><span style=\"font-family: helvetica, arial, sans-serif; font-size: 12pt;\">Johanne Maria Klein spielt auf einer Violine von Giacinto Ruggeri, gebaut 1694 in Cremona.<\/span><\/p>\n","protected":false},"excerpt":{"rendered":"<p>Johanne Maria Klein begann ihr Violinstudium \u2013 zun\u00e4chst als Jungstudentin \u2013 bei Prof. Anke Dill und Prof. Daniel Sepec an der Musikhochschule Stuttgart. 2012 f\u00fchrte sie ihr Studium zu Prof. Detlef Hahn an die Norwegian Academy of Music Oslo, seit &hellip; <a href=\"https:\/\/pierrotquartett.com\/?page_id=589\">Weiterlesen <span class=\"meta-nav\">&rarr;<\/span><\/a><\/p>\n","protected":false},"author":1,"featured_media":0,"parent":536,"menu_order":1,"comment_status":"closed","ping_status":"closed","template":"","meta":{"footnotes":""},"_links":{"self":[{"href":"https:\/\/pierrotquartett.com\/index.php?rest_route=\/wp\/v2\/pages\/589"}],"collection":[{"href":"https:\/\/pierrotquartett.com\/index.php?rest_route=\/wp\/v2\/pages"}],"about":[{"href":"https:\/\/pierrotquartett.com\/index.php?rest_route=\/wp\/v2\/types\/page"}],"author":[{"embeddable":true,"href":"https:\/\/pierrotquartett.com\/index.php?rest_route=\/wp\/v2\/users\/1"}],"replies":[{"embeddable":true,"href":"https:\/\/pierrotquartett.com\/index.php?rest_route=%2Fwp%2Fv2%2Fcomments&post=589"}],"version-history":[{"count":28,"href":"https:\/\/pierrotquartett.com\/index.php?rest_route=\/wp\/v2\/pages\/589\/revisions"}],"predecessor-version":[{"id":926,"href":"https:\/\/pierrotquartett.com\/index.php?rest_route=\/wp\/v2\/pages\/589\/revisions\/926"}],"up":[{"embeddable":true,"href":"https:\/\/pierrotquartett.com\/index.php?rest_route=\/wp\/v2\/pages\/536"}],"wp:attachment":[{"href":"https:\/\/pierrotquartett.com\/index.php?rest_route=%2Fwp%2Fv2%2Fmedia&parent=589"}],"curies":[{"name":"wp","href":"https:\/\/api.w.org\/{rel}","templated":true}]}}