{"id":2,"date":"2013-05-06T22:26:52","date_gmt":"2013-05-06T22:26:52","guid":{"rendered":"http:\/\/pierrotquartett.com\/?page_id=2"},"modified":"2023-10-07T11:28:08","modified_gmt":"2023-10-07T09:28:08","slug":"beispiel-seite","status":"publish","type":"page","link":"https:\/\/pierrotquartett.com\/?page_id=2","title":{"rendered":"Vita"},"content":{"rendered":"<p>Die vier jungen Musikerinnen sind seit zw\u00f6lf Jahren als Streichquartett vereint. Zu Beginn ihres Studiums haben sie sich formiert, seither an ihrer Leidenschaft f\u00fcr das Quartett festgehalten. F\u00fcr das Pierrot Quartett ist der Namensgeber die ambivalenteste Figur im Theater &#8211; der stumme Clown, Sinnbild einer schier unendlichen Bandbreite von Emotionen. Eigentlich keck, frech und fr\u00f6hlich, schlummert auch Trauer in jedem aufgemalten Gesicht. Die Gef\u00fchle irisieren ohne Worte. Und so will auch das Pierrot Quartett Menschen ganz ohne Worte, durch die Musik, emotional erreichen. In ihrer Gr\u00fcndungsphase wurden die vier K\u00fcnstlerinnen durch Igor Strawinskys Zyklus \u201eTrois pi\u00e8ces pour quatuor \u00e0 cordes\u201c inspiriert, einem musikalischen Abbild des Clowns \u201eLittle Tich\u201c. Es war Liebe auf das erste Spiel.<br \/>\nVier verschiedene Horizonte und vier unterschiedliche musikalische Heimaten pr\u00e4gen das Pierrot Quartett. Ihr Repertoire ist breit aufgef\u00e4chert, denn der Reiz, mit unterschiedlichen Erfahrungshorizonten, neuen St\u00fccken, neuen Ideen und Visionen immer wieder frisch zusammen zu kommen, verhindert Stillstand und erm\u00f6glicht Entwicklung. Seien es J\u00f6rg Widmann, Gy\u00f6rgy Kurt\u00e1g, Wolfgang Amadeus Mozart oder Ludwig van Beethoven: Verr\u00fcckt sind die Musikerinnen nach dem Charakter der St\u00fccke, nach dem Klang, der Balance und den Br\u00fcchen.<strong><br \/>\n<\/strong>Und diese Zusammensetzung f\u00fchrt sie immer wieder zu Erfolgen: Preise und Wettbewerbserfolge best\u00e4tigen ihren Mut zum Risiko, ihre Disziplin und ihren klanglichen Charakter. So gewannen sie 2012 den 1. Preis des Carl-Wendling Kammermusikwettbewerbs, 2016 den 1. Preis der Lions Clubs Stuttgart, 2017 den 2. Preis beim International Orlando Chamber Music Competition in den Niederlanden und waren Semifinalisten beim Internationalen Mozartwettbewerb f\u00fcr Streichquartett 2014 in Salzburg und dem Gianni Bergamo Classic Music Award in Lugano 2015. Als Stipendiat der Volksbank Stuttgart und der Gert Volker Dill-Stiftung wurde das Quartett jahrelang intensiv gef\u00f6rdert.<strong><br \/>\n<\/strong>Im Zentrum steht seit Beginn die Konzertt\u00e4tigkeit, die Pierrots streben eine enge Bindung zum Publikum an. Ob im Mozarteum Salzburg, beim Trondheim International Chamber Music Festival, dem Davos Festival, im Museum f\u00fcr Kunst und Gewerbe Hamburg, der Residenz W\u00fcrzburg, dem Maison Heinrich Heine Paris, in St. Severin Keitum, bei den Sommerlichen Musiktagen Hitzacker, der Akademie Schloss Solitude Stuttgart, den Gammertinger Schlossfestspielen oder den Jazz- und Klassiktagen T\u00fcbingen \u2013 die Auftritte der vier Musikerinnen l\u00f6sen Begeisterung und Neugier auf mehr im Publikum aus.<strong><br \/>\n<\/strong>In pers\u00f6nlichen Arbeitsphasen mit erfahrenen Quartettexperten suchen sie den Austausch, sind begierig nach immer neuen Impulsen und Erkenntnissen. Bei Oliver Wille (Kuss Quartett) studierten sie 2016 bis 2019 einen Master Streichquartett an der Hochschule f\u00fcr Musik, Theater und Medien Hannover. Zu ihren weiteren Lehrern geh\u00f6ren Pers\u00f6nlichkeiten wie die Professoren Gerhard Schulz und Hatto Beyerle (Alban Berg Quartett), Stefan Fehlandt (Vogler Quartett), Pierre Colombet (Quatuor Eb\u00e8ne), Eberhard Feltz und Donald Weilerstein.<\/p>\n","protected":false},"excerpt":{"rendered":"<p>Die vier jungen Musikerinnen sind seit zw\u00f6lf Jahren als Streichquartett vereint. Zu Beginn ihres Studiums haben sie sich formiert, seither an ihrer Leidenschaft f\u00fcr das Quartett festgehalten. F\u00fcr das Pierrot Quartett ist der Namensgeber die ambivalenteste Figur im Theater &#8211; &hellip; <a href=\"https:\/\/pierrotquartett.com\/?page_id=2\">Weiterlesen <span class=\"meta-nav\">&rarr;<\/span><\/a><\/p>\n","protected":false},"author":1,"featured_media":0,"parent":0,"menu_order":1,"comment_status":"closed","ping_status":"open","template":"","meta":{"footnotes":""},"_links":{"self":[{"href":"https:\/\/pierrotquartett.com\/index.php?rest_route=\/wp\/v2\/pages\/2"}],"collection":[{"href":"https:\/\/pierrotquartett.com\/index.php?rest_route=\/wp\/v2\/pages"}],"about":[{"href":"https:\/\/pierrotquartett.com\/index.php?rest_route=\/wp\/v2\/types\/page"}],"author":[{"embeddable":true,"href":"https:\/\/pierrotquartett.com\/index.php?rest_route=\/wp\/v2\/users\/1"}],"replies":[{"embeddable":true,"href":"https:\/\/pierrotquartett.com\/index.php?rest_route=%2Fwp%2Fv2%2Fcomments&post=2"}],"version-history":[{"count":55,"href":"https:\/\/pierrotquartett.com\/index.php?rest_route=\/wp\/v2\/pages\/2\/revisions"}],"predecessor-version":[{"id":894,"href":"https:\/\/pierrotquartett.com\/index.php?rest_route=\/wp\/v2\/pages\/2\/revisions\/894"}],"wp:attachment":[{"href":"https:\/\/pierrotquartett.com\/index.php?rest_route=%2Fwp%2Fv2%2Fmedia&parent=2"}],"curies":[{"name":"wp","href":"https:\/\/api.w.org\/{rel}","templated":true}]}}