{"id":18,"date":"2013-05-23T16:37:42","date_gmt":"2013-05-23T14:37:42","guid":{"rendered":"http:\/\/pierrotquartett.com\/?page_id=18"},"modified":"2020-06-26T10:31:40","modified_gmt":"2020-06-26T08:31:40","slug":"18-2","status":"publish","type":"page","link":"https:\/\/pierrotquartett.com\/","title":{"rendered":""},"content":{"rendered":"<p><span style=\"font-size: 20pt; color: #000000;\"><strong>Pierrot Quartett<\/strong><\/span><\/p>\n<p><span style=\"color: #000000;\"><strong>Johanne Maria Klein, Violine<br \/>\n<\/strong><strong>Luisa H\u00f6fs, Violine<br \/>\n<\/strong><strong>Paula Heidecker, Viola<br \/>\n<\/strong><strong>Hanna K\u00f6lbel, Violoncello<\/strong><\/span><\/p>\n<p>&nbsp;<\/p>\n<p><span style=\"color: #000000; font-size: 12pt;\"><strong>Resonanz<br \/>\n<\/strong><\/span><\/p>\n<p><span style=\"color: #000000;\"><em>&#8222;Ihr Geheimnis: Technische Perfektion und Spiel voller Herzblut!\u00a0&#8230;Mit gro\u00dfer Leidenschaft und grandiosem K\u00f6nnen&#8230;&#8220;<br \/>\n<\/em>(Nordwest Zeitung)<\/span><br \/>\n<span style=\"color: #000000;\"> <em><br \/>\n&#8222;Vom ersten Ton des Werkes auf die Musik und ihre Aussage eingestellt&#8230; Kompromisslos in ihrem Bestreben nach letzter Verdeutlichung.&#8220;<br \/>\n<\/em>(Schw\u00e4bische Zeitung)<br \/>\n<em><br \/>\n&#8222;Hohe k\u00fcnstlerische Seriosit\u00e4t&#8230;&#8220;<br \/>\n<\/em>(Wiesbadener Kurier)<br \/>\n<\/span><\/p>\n<p><span style=\"color: #000000;\"> <em>&#8222;Das Quartett setzte einen erneuten Glanzpunkt&#8230; getragen von dem ausdrucksvollen, pr\u00e4zisen und empathischen Spiel&#8230;&#8220;<\/em><\/span><br \/>\n<span style=\"color: #000000;\"> (Pyrmonter Nachrichten)<br \/>\n<em><br \/>\n&#8222;Der sehr farbige Klang&#8230;machte Lust auf mehr.\u00a0<\/em><em>Die Mischung aus enormer spieltechnischer Kontrolle und mitrei\u00dfendem emotionalem Einsatz: Das hatte gro\u00dfes k\u00fcnstlerisches Format.&#8220;<br \/>\n<\/em>(Nordwest Zeitung)<\/span><\/p>\n","protected":false},"excerpt":{"rendered":"<p>Pierrot Quartett Johanne Maria Klein, Violine Luisa H\u00f6fs, Violine Paula Heidecker, Viola Hanna K\u00f6lbel, Violoncello &nbsp; Resonanz &#8222;Ihr Geheimnis: Technische Perfektion und Spiel voller Herzblut!\u00a0&#8230;Mit gro\u00dfer Leidenschaft und grandiosem K\u00f6nnen&#8230;&#8220; (Nordwest Zeitung) &#8222;Vom ersten Ton des Werkes auf die Musik &hellip; <a href=\"https:\/\/pierrotquartett.com\/\">Weiterlesen <span class=\"meta-nav\">&rarr;<\/span><\/a><\/p>\n","protected":false},"author":1,"featured_media":0,"parent":0,"menu_order":0,"comment_status":"closed","ping_status":"open","template":"","meta":{"footnotes":""},"_links":{"self":[{"href":"https:\/\/pierrotquartett.com\/index.php?rest_route=\/wp\/v2\/pages\/18"}],"collection":[{"href":"https:\/\/pierrotquartett.com\/index.php?rest_route=\/wp\/v2\/pages"}],"about":[{"href":"https:\/\/pierrotquartett.com\/index.php?rest_route=\/wp\/v2\/types\/page"}],"author":[{"embeddable":true,"href":"https:\/\/pierrotquartett.com\/index.php?rest_route=\/wp\/v2\/users\/1"}],"replies":[{"embeddable":true,"href":"https:\/\/pierrotquartett.com\/index.php?rest_route=%2Fwp%2Fv2%2Fcomments&post=18"}],"version-history":[{"count":46,"href":"https:\/\/pierrotquartett.com\/index.php?rest_route=\/wp\/v2\/pages\/18\/revisions"}],"predecessor-version":[{"id":839,"href":"https:\/\/pierrotquartett.com\/index.php?rest_route=\/wp\/v2\/pages\/18\/revisions\/839"}],"wp:attachment":[{"href":"https:\/\/pierrotquartett.com\/index.php?rest_route=%2Fwp%2Fv2%2Fmedia&parent=18"}],"curies":[{"name":"wp","href":"https:\/\/api.w.org\/{rel}","templated":true}]}}