{"id":119,"date":"2013-06-08T02:39:03","date_gmt":"2013-06-08T00:39:03","guid":{"rendered":"http:\/\/pierrotquartett.com\/?page_id=119"},"modified":"2020-07-01T14:08:08","modified_gmt":"2020-07-01T12:08:08","slug":"impressum","status":"publish","type":"page","link":"https:\/\/pierrotquartett.com\/?page_id=119","title":{"rendered":"Impressum"},"content":{"rendered":"<h1>Verantwortlich f\u00fcr diese Website:<\/h1>\n<p>Pierrot Quartett<br \/>\nmail@pierrotquartett.com<br \/>\n<span style=\"color: #666699;\"><strong><a style=\"color: #666699;\" href=\"http:\/\/www.pierrotquartett.com\"><em id=\"__mceDel\">www.pierrotquartett.com<\/em><\/a><\/strong><\/span><\/p>\n<h1><a href=\"http:\/\/pierrotquartett.com\/wp-content\/uploads\/2013\/06\/Bildschirmfoto-2016-08-13-um-23.31.51.png\"><img loading=\"lazy\" decoding=\"async\" class=\"alignnone wp-image-331 size-full\" src=\"http:\/\/pierrotquartett.com\/wp-content\/uploads\/2013\/06\/Bildschirmfoto-2016-08-13-um-23.31.51.png\" alt=\"\" width=\"203\" height=\"87\" \/><\/a><\/h1>\n<h1>Bildnachweis<\/h1>\n<p>Fotografien: Stefano Corso, Berlin<br \/>\n<em id=\"__mceDel\"><strong><span style=\"color: #666699;\"><a style=\"color: #666699;\" href=\"http:\/\/www.stefanocorso.com\">www<\/a>.stefanocorso.com<\/span><\/strong><br \/>\n<\/em><\/p>\n<p><strong>Rechtliche Hinweise<\/strong><\/p>\n<p>Wir pr\u00fcfen und aktualisieren die Informationen auf unserer Webseite st\u00e4ndig. Trotz aller Sorgfalt k\u00f6nnen sich die Daten inzwischen ver\u00e4ndert haben. Eine Haftung oder Garantie f\u00fcr die Aktualit\u00e4t, Richtigkeit und Vollst\u00e4ndigkeit der zur Verf\u00fcgung gestellten Informationen kann daher nicht \u00fcbernommen werden.<\/p>\n<p>Gleiches gilt auch f\u00fcr alle anderen Webseiten, auf die mittels Hyperlink verwiesen wird. Wir sind f\u00fcr den Inhalt der Webseiten, die aufgrund einer solchen Verbindung erreicht werden, nicht verantwortlich.<\/p>\n<p>Inhalt und Struktur der Pierrot Quartett-Webseiten sind urheberrechtlich gesch\u00fctzt. Die Vervielf\u00e4ltigung von Informationen oder Daten, insbesondere die Verwendung von Texten, Textteilen oder Bildmaterial, bedarf der vorherigen Zustimmung des Pierrot Quartetts.<\/p>\n","protected":false},"excerpt":{"rendered":"<p>Verantwortlich f\u00fcr diese Website: Pierrot Quartett mail@pierrotquartett.com www.pierrotquartett.com Bildnachweis Fotografien: Stefano Corso, Berlin www.stefanocorso.com Rechtliche Hinweise Wir pr\u00fcfen und aktualisieren die Informationen auf unserer Webseite st\u00e4ndig. Trotz aller Sorgfalt k\u00f6nnen sich die Daten inzwischen ver\u00e4ndert haben. Eine Haftung oder Garantie &hellip; <a href=\"https:\/\/pierrotquartett.com\/?page_id=119\">Weiterlesen <span class=\"meta-nav\">&rarr;<\/span><\/a><\/p>\n","protected":false},"author":1,"featured_media":0,"parent":0,"menu_order":6,"comment_status":"closed","ping_status":"open","template":"","meta":{"footnotes":""},"_links":{"self":[{"href":"https:\/\/pierrotquartett.com\/index.php?rest_route=\/wp\/v2\/pages\/119"}],"collection":[{"href":"https:\/\/pierrotquartett.com\/index.php?rest_route=\/wp\/v2\/pages"}],"about":[{"href":"https:\/\/pierrotquartett.com\/index.php?rest_route=\/wp\/v2\/types\/page"}],"author":[{"embeddable":true,"href":"https:\/\/pierrotquartett.com\/index.php?rest_route=\/wp\/v2\/users\/1"}],"replies":[{"embeddable":true,"href":"https:\/\/pierrotquartett.com\/index.php?rest_route=%2Fwp%2Fv2%2Fcomments&post=119"}],"version-history":[{"count":38,"href":"https:\/\/pierrotquartett.com\/index.php?rest_route=\/wp\/v2\/pages\/119\/revisions"}],"predecessor-version":[{"id":841,"href":"https:\/\/pierrotquartett.com\/index.php?rest_route=\/wp\/v2\/pages\/119\/revisions\/841"}],"wp:attachment":[{"href":"https:\/\/pierrotquartett.com\/index.php?rest_route=%2Fwp%2Fv2%2Fmedia&parent=119"}],"curies":[{"name":"wp","href":"https:\/\/api.w.org\/{rel}","templated":true}]}}